{"id":35,"date":"2026-02-28T01:49:39","date_gmt":"2026-02-28T01:49:39","guid":{"rendered":"https:\/\/parroquiadesantapriscaysansebastian.org\/parroquia\/?page_id=35"},"modified":"2026-02-28T22:48:55","modified_gmt":"2026-02-28T22:48:55","slug":"iglesia-de-la-santisima-trinidad","status":"publish","type":"page","link":"https:\/\/parroquiadesantapriscaysansebastian.org\/parroquia\/iglesia-de-la-santisima-trinidad\/","title":{"rendered":"Iglesia de la Santisima Trinidad"},"content":{"rendered":"\n<p>Se le conoce tambi\u00e9n con el nombre de Dios Padre, y su casco o estructura quiz\u00e1 sea del siglo XVI como lo advierte au antiqu\u00edsima puerta de acceso. Fue reconstruida en 1713 y en su interior se conservan dos cuadros de Andr\u00e9s de Barrag\u00e1n, pintados al \u00f3leo: El Santo Papa y Un Obispo. <\/p>\n\n\n\n<figure class=\"wp-block-gallery has-nested-images columns-default is-cropped wp-block-gallery-1 is-layout-flex wp-block-gallery-is-layout-flex\">\n<figure class=\"wp-block-image size-large\"><img loading=\"lazy\" decoding=\"async\" width=\"1024\" height=\"683\" data-id=\"89\" src=\"https:\/\/parroquiadesantapriscaysansebastian.org\/parroquia\/wp-content\/uploads\/2026\/02\/SantisimaTrinidad_AMS7316-1024x683.jpg\" alt=\"\" class=\"wp-image-89\" srcset=\"https:\/\/parroquiadesantapriscaysansebastian.org\/parroquia\/wp-content\/uploads\/2026\/02\/SantisimaTrinidad_AMS7316-1024x683.jpg 1024w, https:\/\/parroquiadesantapriscaysansebastian.org\/parroquia\/wp-content\/uploads\/2026\/02\/SantisimaTrinidad_AMS7316-300x200.jpg 300w, https:\/\/parroquiadesantapriscaysansebastian.org\/parroquia\/wp-content\/uploads\/2026\/02\/SantisimaTrinidad_AMS7316-768x512.jpg 768w, https:\/\/parroquiadesantapriscaysansebastian.org\/parroquia\/wp-content\/uploads\/2026\/02\/SantisimaTrinidad_AMS7316.jpg 1200w\" sizes=\"auto, (max-width: 1024px) 100vw, 1024px\" \/><\/figure>\n<\/figure>\n\n\n\n<iframe src=\"https:\/\/www.google.com\/maps\/embed?pb=!1m18!1m12!1m3!1d480.5727639452026!2d-99.60521774246246!3d18.554681465205142!2m3!1f0!2f0!3f0!3m2!1i1024!2i768!4f13.1!3m3!1m2!1s0x85cc4b31143a6d77%3A0xa68fe54ca46830c4!2sTemplo%20de%20la%20Santisima%20Trinidad!5e0!3m2!1ses-419!2smx!4v1772318915900!5m2!1ses-419!2smx\" width=\"600\" height=\"450\" style=\"border:0;\" allowfullscreen=\"\" loading=\"lazy\" referrerpolicy=\"no-referrer-when-downgrade\"><\/iframe>\n","protected":false},"excerpt":{"rendered":"<p>Se le conoce tambi\u00e9n con el nombre de Dios Padre, y su casco o estructura quiz\u00e1 sea del siglo XVI como lo advierte au antiqu\u00edsima puerta de acceso. Fue reconstruida en 1713 y en su interior se conservan dos cuadros de Andr\u00e9s de Barrag\u00e1n, pintados al \u00f3leo: El Santo Papa y Un Obispo.<\/p>\n","protected":false},"author":1,"featured_media":0,"parent":0,"menu_order":4,"comment_status":"closed","ping_status":"closed","template":"","meta":{"footnotes":""},"class_list":["post-35","page","type-page","status-publish","hentry"],"_links":{"self":[{"href":"https:\/\/parroquiadesantapriscaysansebastian.org\/parroquia\/wp-json\/wp\/v2\/pages\/35","targetHints":{"allow":["GET"]}}],"collection":[{"href":"https:\/\/parroquiadesantapriscaysansebastian.org\/parroquia\/wp-json\/wp\/v2\/pages"}],"about":[{"href":"https:\/\/parroquiadesantapriscaysansebastian.org\/parroquia\/wp-json\/wp\/v2\/types\/page"}],"author":[{"embeddable":true,"href":"https:\/\/parroquiadesantapriscaysansebastian.org\/parroquia\/wp-json\/wp\/v2\/users\/1"}],"replies":[{"embeddable":true,"href":"https:\/\/parroquiadesantapriscaysansebastian.org\/parroquia\/wp-json\/wp\/v2\/comments?post=35"}],"version-history":[{"count":6,"href":"https:\/\/parroquiadesantapriscaysansebastian.org\/parroquia\/wp-json\/wp\/v2\/pages\/35\/revisions"}],"predecessor-version":[{"id":125,"href":"https:\/\/parroquiadesantapriscaysansebastian.org\/parroquia\/wp-json\/wp\/v2\/pages\/35\/revisions\/125"}],"wp:attachment":[{"href":"https:\/\/parroquiadesantapriscaysansebastian.org\/parroquia\/wp-json\/wp\/v2\/media?parent=35"}],"curies":[{"name":"wp","href":"https:\/\/api.w.org\/{rel}","templated":true}]}}