{"id":34,"date":"2026-02-28T01:49:38","date_gmt":"2026-02-28T01:49:38","guid":{"rendered":"https:\/\/parroquiadesantapriscaysansebastian.org\/parroquia\/?page_id=34"},"modified":"2026-02-28T22:46:42","modified_gmt":"2026-02-28T22:46:42","slug":"santuario-de-ojeda","status":"publish","type":"page","link":"https:\/\/parroquiadesantapriscaysansebastian.org\/parroquia\/santuario-de-ojeda\/","title":{"rendered":"Santuario de Ojeda"},"content":{"rendered":"\n<p>Se sabe que el 3 de diciembre de 1755 esta capilla fue cerrada por orden del se\u00f1or Arzobispo debido a que la gente se quejaba de la perversidad y disolutas costumbres de los habitantes del barrio de Ojeda. <\/p>\n\n\n\n<p>Por tal motivo la escultura del Se\u00f1or de Ojeda tuvo que ser llevada al templo de San Nicol\u00e1s, con toda la pompa ceremoniosa caracter\u00edstica de entonces, en la cual particip\u00f3 el Alcalde Mayor.<\/p>\n\n\n\n<p><br>Para 1807 la capilla se hab\u00eda ya reconstruido, sin embargo, su reapertura al culto tuvo lugar hasta 1822. La capilla &#8220;ten\u00eda una techumbre m\u00e1s elevada y en una reparaci\u00f3n se elevaron los muros laterales y se hizo el tejado menos agudo, aunque cubriendo parte del peque\u00f1o campanario.&#8221; (Toussaint 1931: 178)<\/p>\n\n\n\n<figure class=\"wp-block-gallery has-nested-images columns-default is-cropped wp-block-gallery-1 is-layout-flex wp-block-gallery-is-layout-flex\">\n<figure class=\"wp-block-image size-large\"><img loading=\"lazy\" decoding=\"async\" width=\"1024\" height=\"658\" data-id=\"121\" src=\"https:\/\/parroquiadesantapriscaysansebastian.org\/parroquia\/wp-content\/uploads\/2026\/02\/16_imagen_fachada_0377146001575589267-1024x658.jpg\" alt=\"\" class=\"wp-image-121\" srcset=\"https:\/\/parroquiadesantapriscaysansebastian.org\/parroquia\/wp-content\/uploads\/2026\/02\/16_imagen_fachada_0377146001575589267-1024x658.jpg 1024w, https:\/\/parroquiadesantapriscaysansebastian.org\/parroquia\/wp-content\/uploads\/2026\/02\/16_imagen_fachada_0377146001575589267-300x193.jpg 300w, https:\/\/parroquiadesantapriscaysansebastian.org\/parroquia\/wp-content\/uploads\/2026\/02\/16_imagen_fachada_0377146001575589267-768x494.jpg 768w, https:\/\/parroquiadesantapriscaysansebastian.org\/parroquia\/wp-content\/uploads\/2026\/02\/16_imagen_fachada_0377146001575589267-1536x987.jpg 1536w, https:\/\/parroquiadesantapriscaysansebastian.org\/parroquia\/wp-content\/uploads\/2026\/02\/16_imagen_fachada_0377146001575589267.jpg 1654w\" sizes=\"auto, (max-width: 1024px) 100vw, 1024px\" \/><\/figure>\n<\/figure>\n\n\n\n<iframe src=\"https:\/\/www.google.com\/maps\/embed?pb=!1m18!1m12!1m3!1d551.3526411729478!2d-99.60767836355922!3d18.556169149098178!2m3!1f0!2f0!3f0!3m2!1i1024!2i768!4f13.1!3m3!1m2!1s0x85cc4b34273c75b3%3A0x9acb9b9adc32c778!2sSantuario%20de%20Ojeda!5e0!3m2!1ses-419!2smx!4v1772318793753!5m2!1ses-419!2smx\" width=\"600\" height=\"450\" style=\"border:0;\" allowfullscreen=\"\" loading=\"lazy\" referrerpolicy=\"no-referrer-when-downgrade\"><\/iframe>\n","protected":false},"excerpt":{"rendered":"<p>Se sabe que el 3 de diciembre de 1755 esta capilla fue cerrada por orden del se\u00f1or Arzobispo debido a que la gente se quejaba de la perversidad y disolutas costumbres de los habitantes del barrio de Ojeda. Por tal motivo la escultura del Se\u00f1or de Ojeda tuvo que ser llevada al templo de San [&hellip;]<\/p>\n","protected":false},"author":1,"featured_media":0,"parent":0,"menu_order":3,"comment_status":"closed","ping_status":"closed","template":"","meta":{"footnotes":""},"class_list":["post-34","page","type-page","status-publish","hentry"],"_links":{"self":[{"href":"https:\/\/parroquiadesantapriscaysansebastian.org\/parroquia\/wp-json\/wp\/v2\/pages\/34","targetHints":{"allow":["GET"]}}],"collection":[{"href":"https:\/\/parroquiadesantapriscaysansebastian.org\/parroquia\/wp-json\/wp\/v2\/pages"}],"about":[{"href":"https:\/\/parroquiadesantapriscaysansebastian.org\/parroquia\/wp-json\/wp\/v2\/types\/page"}],"author":[{"embeddable":true,"href":"https:\/\/parroquiadesantapriscaysansebastian.org\/parroquia\/wp-json\/wp\/v2\/users\/1"}],"replies":[{"embeddable":true,"href":"https:\/\/parroquiadesantapriscaysansebastian.org\/parroquia\/wp-json\/wp\/v2\/comments?post=34"}],"version-history":[{"count":5,"href":"https:\/\/parroquiadesantapriscaysansebastian.org\/parroquia\/wp-json\/wp\/v2\/pages\/34\/revisions"}],"predecessor-version":[{"id":123,"href":"https:\/\/parroquiadesantapriscaysansebastian.org\/parroquia\/wp-json\/wp\/v2\/pages\/34\/revisions\/123"}],"wp:attachment":[{"href":"https:\/\/parroquiadesantapriscaysansebastian.org\/parroquia\/wp-json\/wp\/v2\/media?parent=34"}],"curies":[{"name":"wp","href":"https:\/\/api.w.org\/{rel}","templated":true}]}}