{"id":2,"date":"2026-02-14T14:16:10","date_gmt":"2026-02-14T14:16:10","guid":{"rendered":"https:\/\/parroquiadesantapriscaysansebastian.org\/parroquia\/?page_id=2"},"modified":"2026-02-28T22:40:37","modified_gmt":"2026-02-28T22:40:37","slug":"pagina-ejemplo","status":"publish","type":"page","link":"https:\/\/parroquiadesantapriscaysansebastian.org\/parroquia\/pagina-ejemplo\/","title":{"rendered":"Parroquia"},"content":{"rendered":"\n<p>La antigua parroquia del Real de Minas de Taxco ten\u00eda su advocaci\u00f3n a la Pur\u00edsima Concepci\u00f3n, la consagraci\u00f3n del campanario de su modesta torre la llev\u00f3 a cabo el arzobispo don Pedro Moya de Contreras en 1583. (Toussaint, 1931)<br>En su interior contaba con tres retablos, el principal se miraba rematado por la Sant\u00edsima Trinidad; en cambio, el colateral izquierdo mostraba una escultura de Santa Prisca. No obstante su sencillez, este inmueble contaba con buen n\u00famero de alhajas de plata.<\/p>\n\n\n\n<p>Entre 1634 y 1637 el templo sufri\u00f3 varias reparaciones, entre otras, se fabric\u00f3 un nuevo techo y se realiz\u00f3 otro retablo mayor. A principios del siglo XVIII se efectuaron nuevas reparaciones: se coloc\u00f3 en la torre la imagen de Santa Prisca y se fabric\u00f3 otro retablo, estrenado en 1728.<\/p>\n\n\n\n<p>La decadencia de este primer templo coincidi\u00f3 con la bonanza minera experimentada por don Jos\u00e9 de la Borda, producto de la explotaci\u00f3n de su mina San Ignacio. Motivado por ello, don Jos\u00e9 decidi\u00f3 construir a su entero costo un nuevo templo, para lo cual solicit\u00f3 licencia al arzobispo de M\u00e9xico don Manuel Jos\u00e9 Rubio y Salinas, y al virrey en turno a quien acept\u00f3 como vice-patrono; ambos dieron su consentimiento. La \u00fanica condici\u00f3n puesta por don Jos\u00e9 fue que nadie interviniera en la obra a excepci\u00f3n de sus empleados y \u00e9l mismo; como resultado se tiene una perfecta homogeneidad entre el conjunto y sus partes.<\/p>\n\n\n\n<p>La obra comenz\u00f3 en 1751 y de acuerdo a la inscripci\u00f3n que muestra el lavabo de la sacrist\u00eda, termin\u00f3 el 3 de diciembre de 1758, sin lugar a dudas un r\u00e9cord de su tiempo. La dedicaci\u00f3n tuvo lugar los d\u00edas 11 y 12 de mayo de 1759, y fue consagrado por el Dr. Manuel Antonio Rojo del R\u00edo Lubi\u00e1n. Como encargado del proyecto estuvo el arquitecto Pedro Dur\u00e1n y como maestro de obras, don Juan Caballero. (Toussaint, 1931)<\/p>\n\n\n\n<p>En recientes investigaciones se confirm\u00f3 que el proyecto arquitect\u00f3nico se debe a Cayetano de Sig\u00fcenza<br>Fue declarado monumento el 24 de agosto de 1935.<br>(Gu\u00eda de forasteros)<\/p>\n\n\n\n<figure class=\"wp-block-gallery has-nested-images columns-default is-cropped wp-block-gallery-1 is-layout-flex wp-block-gallery-is-layout-flex\">\n<figure class=\"wp-block-image size-full\"><img loading=\"lazy\" decoding=\"async\" width=\"1024\" height=\"819\" data-id=\"107\" src=\"https:\/\/parroquiadesantapriscaysansebastian.org\/parroquia\/wp-content\/uploads\/2026\/02\/13908355962_9b3ae15d04_b-1.jpg\" alt=\"\" class=\"wp-image-107\" srcset=\"https:\/\/parroquiadesantapriscaysansebastian.org\/parroquia\/wp-content\/uploads\/2026\/02\/13908355962_9b3ae15d04_b-1.jpg 1024w, https:\/\/parroquiadesantapriscaysansebastian.org\/parroquia\/wp-content\/uploads\/2026\/02\/13908355962_9b3ae15d04_b-1-300x240.jpg 300w, https:\/\/parroquiadesantapriscaysansebastian.org\/parroquia\/wp-content\/uploads\/2026\/02\/13908355962_9b3ae15d04_b-1-768x614.jpg 768w\" sizes=\"auto, (max-width: 1024px) 100vw, 1024px\" \/><\/figure>\n\n\n\n<figure class=\"wp-block-image size-full\"><img loading=\"lazy\" decoding=\"async\" width=\"1022\" height=\"654\" data-id=\"103\" src=\"https:\/\/parroquiadesantapriscaysansebastian.org\/parroquia\/wp-content\/uploads\/2026\/02\/7414693400_e928bcc68f_b.jpg\" alt=\"\" class=\"wp-image-103\" srcset=\"https:\/\/parroquiadesantapriscaysansebastian.org\/parroquia\/wp-content\/uploads\/2026\/02\/7414693400_e928bcc68f_b.jpg 1022w, https:\/\/parroquiadesantapriscaysansebastian.org\/parroquia\/wp-content\/uploads\/2026\/02\/7414693400_e928bcc68f_b-300x192.jpg 300w, https:\/\/parroquiadesantapriscaysansebastian.org\/parroquia\/wp-content\/uploads\/2026\/02\/7414693400_e928bcc68f_b-768x491.jpg 768w\" sizes=\"auto, (max-width: 1022px) 100vw, 1022px\" \/><\/figure>\n\n\n\n<figure class=\"wp-block-image size-full\"><img loading=\"lazy\" decoding=\"async\" width=\"1024\" height=\"768\" data-id=\"105\" src=\"https:\/\/parroquiadesantapriscaysansebastian.org\/parroquia\/wp-content\/uploads\/2026\/02\/5258434562_c5f709795d_b.jpg\" alt=\"\" class=\"wp-image-105\" srcset=\"https:\/\/parroquiadesantapriscaysansebastian.org\/parroquia\/wp-content\/uploads\/2026\/02\/5258434562_c5f709795d_b.jpg 1024w, https:\/\/parroquiadesantapriscaysansebastian.org\/parroquia\/wp-content\/uploads\/2026\/02\/5258434562_c5f709795d_b-300x225.jpg 300w, https:\/\/parroquiadesantapriscaysansebastian.org\/parroquia\/wp-content\/uploads\/2026\/02\/5258434562_c5f709795d_b-768x576.jpg 768w\" sizes=\"auto, (max-width: 1024px) 100vw, 1024px\" \/><\/figure>\n\n\n\n<figure class=\"wp-block-image size-full\"><img loading=\"lazy\" decoding=\"async\" width=\"1024\" height=\"683\" data-id=\"104\" src=\"https:\/\/parroquiadesantapriscaysansebastian.org\/parroquia\/wp-content\/uploads\/2026\/02\/3193384492_9e80e11c11_b.jpg\" alt=\"\" class=\"wp-image-104\" srcset=\"https:\/\/parroquiadesantapriscaysansebastian.org\/parroquia\/wp-content\/uploads\/2026\/02\/3193384492_9e80e11c11_b.jpg 1024w, https:\/\/parroquiadesantapriscaysansebastian.org\/parroquia\/wp-content\/uploads\/2026\/02\/3193384492_9e80e11c11_b-300x200.jpg 300w, https:\/\/parroquiadesantapriscaysansebastian.org\/parroquia\/wp-content\/uploads\/2026\/02\/3193384492_9e80e11c11_b-768x512.jpg 768w\" sizes=\"auto, (max-width: 1024px) 100vw, 1024px\" \/><\/figure>\n\n\n\n<figure class=\"wp-block-image size-full\"><img loading=\"lazy\" decoding=\"async\" width=\"1024\" height=\"682\" data-id=\"106\" src=\"https:\/\/parroquiadesantapriscaysansebastian.org\/parroquia\/wp-content\/uploads\/2026\/02\/piano-1.jpg\" alt=\"\" class=\"wp-image-106\" srcset=\"https:\/\/parroquiadesantapriscaysansebastian.org\/parroquia\/wp-content\/uploads\/2026\/02\/piano-1.jpg 1024w, https:\/\/parroquiadesantapriscaysansebastian.org\/parroquia\/wp-content\/uploads\/2026\/02\/piano-1-300x200.jpg 300w, https:\/\/parroquiadesantapriscaysansebastian.org\/parroquia\/wp-content\/uploads\/2026\/02\/piano-1-768x512.jpg 768w\" sizes=\"auto, (max-width: 1024px) 100vw, 1024px\" \/><\/figure>\n<\/figure>\n\n\n\n<iframe src=\"https:\/\/www.google.com\/maps\/embed?pb=!1m18!1m12!1m3!1d483.4723611035099!2d-99.60485080721119!3d18.556260657217376!2m3!1f0!2f0!3f0!3m2!1i1024!2i768!4f13.1!3m3!1m2!1s0x85cc4b33e3be8aeb%3A0x61ffa94cd86ba358!2sParroquia%20de%20Santa%20Prisca%20y%20San%20Sebasti%C3%A1n!5e0!3m2!1ses-419!2smx!4v1772318419212!5m2!1ses-419!2smx\" width=\"600\" height=\"450\" style=\"border:0;\" allowfullscreen=\"\" loading=\"lazy\" referrerpolicy=\"no-referrer-when-downgrade\"><\/iframe>\n","protected":false},"excerpt":{"rendered":"<p>La antigua parroquia del Real de Minas de Taxco ten\u00eda su advocaci\u00f3n a la Pur\u00edsima Concepci\u00f3n, la consagraci\u00f3n del campanario de su modesta torre la llev\u00f3 a cabo el arzobispo don Pedro Moya de Contreras en 1583. (Toussaint, 1931)En su interior contaba con tres retablos, el principal se miraba rematado por la Sant\u00edsima Trinidad; en [&hellip;]<\/p>\n","protected":false},"author":1,"featured_media":0,"parent":0,"menu_order":0,"comment_status":"closed","ping_status":"open","template":"","meta":{"footnotes":""},"class_list":["post-2","page","type-page","status-publish","hentry"],"_links":{"self":[{"href":"https:\/\/parroquiadesantapriscaysansebastian.org\/parroquia\/wp-json\/wp\/v2\/pages\/2","targetHints":{"allow":["GET"]}}],"collection":[{"href":"https:\/\/parroquiadesantapriscaysansebastian.org\/parroquia\/wp-json\/wp\/v2\/pages"}],"about":[{"href":"https:\/\/parroquiadesantapriscaysansebastian.org\/parroquia\/wp-json\/wp\/v2\/types\/page"}],"author":[{"embeddable":true,"href":"https:\/\/parroquiadesantapriscaysansebastian.org\/parroquia\/wp-json\/wp\/v2\/users\/1"}],"replies":[{"embeddable":true,"href":"https:\/\/parroquiadesantapriscaysansebastian.org\/parroquia\/wp-json\/wp\/v2\/comments?post=2"}],"version-history":[{"count":6,"href":"https:\/\/parroquiadesantapriscaysansebastian.org\/parroquia\/wp-json\/wp\/v2\/pages\/2\/revisions"}],"predecessor-version":[{"id":118,"href":"https:\/\/parroquiadesantapriscaysansebastian.org\/parroquia\/wp-json\/wp\/v2\/pages\/2\/revisions\/118"}],"wp:attachment":[{"href":"https:\/\/parroquiadesantapriscaysansebastian.org\/parroquia\/wp-json\/wp\/v2\/media?parent=2"}],"curies":[{"name":"wp","href":"https:\/\/api.w.org\/{rel}","templated":true}]}}