{"id":18,"date":"2026-02-28T01:38:00","date_gmt":"2026-02-28T01:38:00","guid":{"rendered":"https:\/\/parroquiadesantapriscaysansebastian.org\/parroquia\/?page_id=18"},"modified":"2026-02-28T22:43:05","modified_gmt":"2026-02-28T22:43:05","slug":"ex-convento-de-san-bernardino","status":"publish","type":"page","link":"https:\/\/parroquiadesantapriscaysansebastian.org\/parroquia\/ex-convento-de-san-bernardino\/","title":{"rendered":"Ex-Convento de San Bernardino"},"content":{"rendered":"\n<p>Por iniciativa de fray Francisco de Torantos el convento de San Bernardino fue fundado en 1592 teniendo como protector a don Antonio Verr\u00fa Bravo minero de Taxco. Tres a\u00f1os despu\u00e9s se comenz\u00f3 a construir coloc\u00e1ndose la primera piedra el 5 de abril de 1595; su dedicaci\u00f3n tuvo lugar el 30 de agosto de 1627. A mediados del siglo XVII la jurisdicci\u00f3n del convento abarcaba poblaciones como Tonatico, Ixtapa, Tecualoya, Malinalco, Cuautl\u00e1n y otras. (Toussaint 1931 : 159-160)<\/p>\n\n\n\n<p><br>Entre 1753 y 1787 el conjunto sufri\u00f3 varias transformaciones, se enlos\u00f3 el nuevo cementerio y fue bardeado con una cerca de 40 varas de largo por cuatro de ancho; se coloc\u00f3 en el tabern\u00e1culo del antepecho la imagen de la Virgen de Bel\u00e9n; se ubic\u00f3 entre las dos torres la figura en piedra de Santa Prisca, que estaba en la parroquia antigua; se forraron con tablones nuevos las dos puertas del templo y al final de ese per\u00edodo se tech\u00f3 de nuevo el templo con tejamaniles y latas, empleando clavos de Xochimilco. (Toussaint 1931 : 160-165)<\/p>\n\n\n\n<p><br>El 28 de marzo de 1805 un terrible incendi\u00f3 acab\u00f3 con la mayor parte del conjunto conventual, del templo fueron destruidos los colaterales y muchas im\u00e1genes entre ellas la de San Bernardino. En los primeros a\u00f1os de la lucha por la Independencia, los trabajos de restauraci\u00f3n continuaron si bien, lentamente; se construyeron entonces un dormitorio y se blanquearon las dem\u00e1s piezas.<br>El 31 de julio de 1823 se cant\u00f3 la primera misa en el nuevo templo y hacia 1839 se hizo un nuevo cementerio barde\u00e1ndolo de nuevo. En este convento estuvo alojado don Agust\u00edn Iturbide quien concert\u00f3 con el guardi\u00e1n Fr. Agust\u00edn Le\u00f3n Leal los preliminares de la entrevista con Vicente Guerrero, que culmin\u00f3 con el famoso abrazo de Acatempan dando fin as\u00ed a la guerra de Independencia. (Toussaint 1931 : 167)<\/p>\n\n\n\n<p><br>Con el prop\u00f3sito de establecer una escuela, el convento fue casi demolido en 1909. La capilla de San Antonio, localizada junto a la porter\u00eda, despareci\u00f3 por completo. (Toussaint 1931 : 168)<\/p>\n\n\n\n<p><br>Fue declarado monumento el 24 de agosto de 1935.<\/p>\n\n\n\n<p><br>Trabajos de mantenimiento y restauraci\u00f3n de fachada en 2003. Restauraci\u00f3n en c\u00fapula y consolidaci\u00f3n de grietas 2001.<\/p>\n\n\n\n<figure class=\"wp-block-gallery has-nested-images columns-default is-cropped wp-block-gallery-1 is-layout-flex wp-block-gallery-is-layout-flex\">\n<figure class=\"wp-block-image size-large\"><img loading=\"lazy\" decoding=\"async\" width=\"1024\" height=\"683\" data-id=\"73\" src=\"https:\/\/parroquiadesantapriscaysansebastian.org\/parroquia\/wp-content\/uploads\/2026\/02\/SanBernardino_AMS6687-1024x683.jpg\" alt=\"\" class=\"wp-image-73\" srcset=\"https:\/\/parroquiadesantapriscaysansebastian.org\/parroquia\/wp-content\/uploads\/2026\/02\/SanBernardino_AMS6687-1024x683.jpg 1024w, https:\/\/parroquiadesantapriscaysansebastian.org\/parroquia\/wp-content\/uploads\/2026\/02\/SanBernardino_AMS6687-300x200.jpg 300w, https:\/\/parroquiadesantapriscaysansebastian.org\/parroquia\/wp-content\/uploads\/2026\/02\/SanBernardino_AMS6687-768x512.jpg 768w, https:\/\/parroquiadesantapriscaysansebastian.org\/parroquia\/wp-content\/uploads\/2026\/02\/SanBernardino_AMS6687.jpg 1200w\" sizes=\"auto, (max-width: 1024px) 100vw, 1024px\" \/><\/figure>\n<\/figure>\n\n\n\n<iframe src=\"https:\/\/www.google.com\/maps\/embed?pb=!1m18!1m12!1m3!1d236.3968940878207!2d-99.60407186213273!3d18.558239196057773!2m3!1f0!2f0!3f0!3m2!1i1024!2i768!4f13.1!3m3!1m2!1s0x85cc4b33b1adfd3b%3A0x84204d80e4ceae97!2sEx%20Convento%20de%20San%20Bernardino%20de%20Siena!5e0!3m2!1ses-419!2smx!4v1772318561656!5m2!1ses-419!2smx\" width=\"500\" height=\"450\" style=\"border:0;\" allowfullscreen=\"\" loading=\"lazy\" referrerpolicy=\"no-referrer-when-downgrade\"><\/iframe>\n","protected":false},"excerpt":{"rendered":"<p>Por iniciativa de fray Francisco de Torantos el convento de San Bernardino fue fundado en 1592 teniendo como protector a don Antonio Verr\u00fa Bravo minero de Taxco. Tres a\u00f1os despu\u00e9s se comenz\u00f3 a construir coloc\u00e1ndose la primera piedra el 5 de abril de 1595; su dedicaci\u00f3n tuvo lugar el 30 de agosto de 1627. A [&hellip;]<\/p>\n","protected":false},"author":1,"featured_media":0,"parent":0,"menu_order":2,"comment_status":"closed","ping_status":"closed","template":"","meta":{"footnotes":""},"class_list":["post-18","page","type-page","status-publish","hentry"],"_links":{"self":[{"href":"https:\/\/parroquiadesantapriscaysansebastian.org\/parroquia\/wp-json\/wp\/v2\/pages\/18","targetHints":{"allow":["GET"]}}],"collection":[{"href":"https:\/\/parroquiadesantapriscaysansebastian.org\/parroquia\/wp-json\/wp\/v2\/pages"}],"about":[{"href":"https:\/\/parroquiadesantapriscaysansebastian.org\/parroquia\/wp-json\/wp\/v2\/types\/page"}],"author":[{"embeddable":true,"href":"https:\/\/parroquiadesantapriscaysansebastian.org\/parroquia\/wp-json\/wp\/v2\/users\/1"}],"replies":[{"embeddable":true,"href":"https:\/\/parroquiadesantapriscaysansebastian.org\/parroquia\/wp-json\/wp\/v2\/comments?post=18"}],"version-history":[{"count":5,"href":"https:\/\/parroquiadesantapriscaysansebastian.org\/parroquia\/wp-json\/wp\/v2\/pages\/18\/revisions"}],"predecessor-version":[{"id":120,"href":"https:\/\/parroquiadesantapriscaysansebastian.org\/parroquia\/wp-json\/wp\/v2\/pages\/18\/revisions\/120"}],"wp:attachment":[{"href":"https:\/\/parroquiadesantapriscaysansebastian.org\/parroquia\/wp-json\/wp\/v2\/media?parent=18"}],"curies":[{"name":"wp","href":"https:\/\/api.w.org\/{rel}","templated":true}]}}